{"id":259,"date":"2023-10-10T18:37:21","date_gmt":"2023-10-10T16:37:21","guid":{"rendered":"https:\/\/www.protape.rs\/?page_id=259"},"modified":"2023-11-09T12:39:29","modified_gmt":"2023-11-09T11:39:29","slug":"kontakt","status":"publish","type":"page","link":"https:\/\/www.protape.rs\/de\/kontakt\/","title":{"rendered":"Kontakt"},"content":{"rendered":"<div class=\"fusion-fullwidth fullwidth-box fusion-builder-row-1 fusion-flex-container nonhundred-percent-fullwidth non-hundred-percent-height-scrolling\" style=\"--awb-border-radius-top-left:0px;--awb-border-radius-top-right:0px;--awb-border-radius-bottom-right:0px;--awb-border-radius-bottom-left:0px;--awb-flex-wrap:wrap;\" ><div class=\"fusion-builder-row fusion-row fusion-flex-align-items-flex-start fusion-flex-content-wrap\" style=\"max-width:1216.8px;margin-left: calc(-4% \/ 2 );margin-right: calc(-4% \/ 2 );\"><div class=\"fusion-layout-column fusion_builder_column fusion-builder-column-0 fusion_builder_column_1_2 1_2 fusion-flex-column\" style=\"--awb-bg-size:cover;--awb-width-large:50%;--awb-margin-top-large:0px;--awb-spacing-right-large:3.84%;--awb-margin-bottom-large:0px;--awb-spacing-left-large:3.84%;--awb-width-medium:50%;--awb-spacing-right-medium:3.84%;--awb-spacing-left-medium:3.84%;--awb-width-small:100%;--awb-spacing-right-small:1.92%;--awb-spacing-left-small:1.92%;\"><div class=\"fusion-column-wrapper fusion-flex-justify-content-flex-start fusion-content-layout-column\"><div class=\"fusion-text fusion-text-1\"><p><strong>Wie Sie uns kontaktieren k\u00f6nnen<br \/>\n<\/strong><\/p>\n<p><i class=\"fb-icon-element-1 fb-icon-element fontawesome-icon fa-phone-alt fa circle-yes fusion-text-flow\" style=\"--awb-circlebordercolor-hover:var(--awb-color8);--awb-circlebordersize:0px;--awb-font-size:12.32px;--awb-width:24.64px;--awb-height:24.64px;--awb-line-height:24.64px;--awb-margin-right:7px;\"><\/i><strong>Telefon:<\/strong> +381114324448<\/p>\n<p><i class=\"fb-icon-element-2 fb-icon-element fontawesome-icon fa-map-marker-alt fas circle-yes fusion-text-flow\" style=\"--awb-circlecolor:#279cdb;--awb-circlebordercolor-hover:var(--awb-color8);--awb-circlebordersize:0px;--awb-font-size:12.32px;--awb-width:24.64px;--awb-height:24.64px;--awb-line-height:24.64px;--awb-margin-right:7px;\"><\/i><strong>Adresse:<\/strong> Svetosavska 378M, 11460 Barajevo<\/p>\n<p><i class=\"fb-icon-element-3 fb-icon-element fontawesome-icon fa-at fas circle-yes fusion-text-flow\" style=\"--awb-circlecolor:#279cdb;--awb-circlebordercolor-hover:var(--awb-color8);--awb-circlebordersize:0px;--awb-font-size:12.32px;--awb-width:24.64px;--awb-height:24.64px;--awb-line-height:24.64px;--awb-margin-right:7px;\"><\/i><strong>Email:<\/strong> office@protape.rs<\/p>\n<p><i class=\"fb-icon-element-4 fb-icon-element fontawesome-icon fa-laptop fas circle-yes fusion-text-flow\" style=\"--awb-circlecolor:#279cdb;--awb-circlebordercolor-hover:var(--awb-color8);--awb-circlebordersize:0px;--awb-font-size:12.32px;--awb-width:24.64px;--awb-height:24.64px;--awb-line-height:24.64px;--awb-margin-right:7px;\"><\/i>htpps:\/\/www.protape.rs<\/p>\n<\/div><div class=\"fusion-text fusion-text-2\" style=\"--awb-margin-top:20px;\"><p>Kontaktieren Sie uns, um mehr \u00fcber unsere Produkte zu erfahren und L\u00f6sungen zu finden, die am besten Ihren Bed\u00fcrfnissen entsprechen.<\/p>\n<\/div><\/div><\/div><div class=\"fusion-layout-column fusion_builder_column fusion-builder-column-1 fusion_builder_column_1_2 1_2 fusion-flex-column\" style=\"--awb-bg-size:cover;--awb-width-large:50%;--awb-margin-top-large:0px;--awb-spacing-right-large:3.84%;--awb-margin-bottom-large:0px;--awb-spacing-left-large:3.84%;--awb-width-medium:50%;--awb-order-medium:0;--awb-spacing-right-medium:3.84%;--awb-spacing-left-medium:3.84%;--awb-width-small:100%;--awb-order-small:0;--awb-spacing-right-small:1.92%;--awb-spacing-left-small:1.92%;\" data-scroll-devices=\"small-visibility,medium-visibility,large-visibility\"><div class=\"fusion-column-wrapper fusion-column-has-shadow fusion-flex-justify-content-flex-start fusion-content-layout-column\"><div class=\"fusion-text fusion-text-3\"><p><iframe style=\"border: 0;\" src=\"https:\/\/www.google.com\/maps\/embed?pb=!1m14!1m8!1m3!1d2840.293029290154!2d20.412512162277526!3d44.61148336892125!3m2!1i1024!2i768!4f13.1!3m3!1m2!1s0x475a0d661c454b91%3A0xb547f366ad2a4b2e!2sProtape%20d.o.o.!5e0!3m2!1sen!2srs!4v1697709519504!5m2!1sen!2srs\" width=\"600\" height=\"450\" allowfullscreen=\"allowfullscreen\"><\/iframe><\/p>\n<\/div><\/div><\/div><\/div><\/div>\n","protected":false},"excerpt":{"rendered":"","protected":false},"author":1,"featured_media":0,"parent":0,"menu_order":0,"comment_status":"closed","ping_status":"closed","template":"","meta":{"footnotes":""},"class_list":["post-259","page","type-page","status-publish","hentry"],"_links":{"self":[{"href":"https:\/\/www.protape.rs\/de\/wp-json\/wp\/v2\/pages\/259","targetHints":{"allow":["GET"]}}],"collection":[{"href":"https:\/\/www.protape.rs\/de\/wp-json\/wp\/v2\/pages"}],"about":[{"href":"https:\/\/www.protape.rs\/de\/wp-json\/wp\/v2\/types\/page"}],"author":[{"embeddable":true,"href":"https:\/\/www.protape.rs\/de\/wp-json\/wp\/v2\/users\/1"}],"replies":[{"embeddable":true,"href":"https:\/\/www.protape.rs\/de\/wp-json\/wp\/v2\/comments?post=259"}],"version-history":[{"count":1,"href":"https:\/\/www.protape.rs\/de\/wp-json\/wp\/v2\/pages\/259\/revisions"}],"predecessor-version":[{"id":260,"href":"https:\/\/www.protape.rs\/de\/wp-json\/wp\/v2\/pages\/259\/revisions\/260"}],"wp:attachment":[{"href":"https:\/\/www.protape.rs\/de\/wp-json\/wp\/v2\/media?parent=259"}],"curies":[{"name":"wp","href":"https:\/\/api.w.org\/{rel}","templated":true}]}}