{"id":503,"date":"2025-04-22T11:24:12","date_gmt":"2025-04-22T09:24:12","guid":{"rendered":"https:\/\/www.protape.rs\/politika-kvaliteta\/"},"modified":"2025-07-03T17:31:58","modified_gmt":"2025-07-03T15:31:58","slug":"qualitatspolitik","status":"publish","type":"page","link":"https:\/\/www.protape.rs\/de\/qualitatspolitik\/","title":{"rendered":"Qualit\u00e4tspolitik"},"content":{"rendered":"<div class=\"fusion-fullwidth fullwidth-box fusion-builder-row-1 fusion-flex-container nonhundred-percent-fullwidth non-hundred-percent-height-scrolling\" style=\"--awb-border-radius-top-left:0px;--awb-border-radius-top-right:0px;--awb-border-radius-bottom-right:0px;--awb-border-radius-bottom-left:0px;--awb-flex-wrap:wrap;\" ><div class=\"fusion-builder-row fusion-row fusion-flex-align-items-flex-start fusion-flex-content-wrap\" style=\"max-width:1216.8px;margin-left: calc(-4% \/ 2 );margin-right: calc(-4% \/ 2 );\"><div class=\"fusion-layout-column fusion_builder_column fusion-builder-column-0 fusion_builder_column_1_1 1_1 fusion-flex-column\" style=\"--awb-bg-size:cover;--awb-width-large:100%;--awb-margin-top-large:0px;--awb-spacing-right-large:1.92%;--awb-margin-bottom-large:0px;--awb-spacing-left-large:1.92%;--awb-width-medium:100%;--awb-spacing-right-medium:1.92%;--awb-spacing-left-medium:1.92%;--awb-width-small:100%;--awb-spacing-right-small:1.92%;--awb-spacing-left-small:1.92%;\"><div class=\"fusion-column-wrapper fusion-flex-justify-content-flex-start fusion-content-layout-column\"><div class=\"fusion-text fusion-text-1\"><p><strong>PROTAPE DOO BELGRAD<\/strong> verpflichtet sich zu nachhaltiger Entwicklung und gesellschaftlicher Verantwortung.<br \/>\nUnsere Vision ist es, eine f\u00fchrende Position als Hersteller und Anbieter von selbstklebenden Isolierb\u00e4ndern einzunehmen, die vielf\u00e4ltig in der Klima-, Heizungs- und K\u00e4ltetechnik Anwendung finden.<br \/>\nUnser Fokus liegt auf der Entwicklung von L\u00f6sungen, die die Energieeffizienz steigern und die Langlebigkeit von Systemen sichern. Dabei setzen wir auf Qualit\u00e4t, Innovation und Fachkompetenz.<\/p>\n<p>In diesem Zusammenhang bekennen wir uns zu folgenden Grunds\u00e4tzen:<\/p>\n<ul>\n<li><strong>Aufbau, Implementierung, Aufrechterhaltung und kontinuierliche Verbesserung unseres Qualit\u00e4tsmanagementsystems gem\u00e4\u00df den Anforderungen der Norm SRPS ISO 9001:2015<\/strong><\/li>\n<li><strong>Erf\u00fcllung der Anforderungen und Erwartungen unserer Kunden<\/strong><\/li>\n<li><strong>Stetige Steigerung der Kundenzufriedenheit<\/strong><\/li>\n<li><strong>Einhaltung aller geltenden gesetzlichen Vorschriften und Qualit\u00e4tsstandards f\u00fcr unsere Produkte<\/strong><\/li>\n<li><strong>F\u00f6rderung der Zufriedenheit unserer Mitarbeiter sowie Gew\u00e4hrleistung sicherer und gesunder Arbeitsbedingungen<\/strong><\/li>\n<li><strong>Sicherstellung gleichbleibender Produktqualit\u00e4t und verl\u00e4sslicher Partnerschaften mit unseren Lieferanten<\/strong><\/li>\n<li><strong>Etablierung einer offenen und effektiven Kommunikation mit Mitarbeitenden und allen relevanten Interessengruppen<\/strong><\/li>\n<li><strong>Nachhaltiges und wirtschaftlich erfolgreiches Handeln<\/strong><\/li>\n<\/ul>\n<p>Diese Qualit\u00e4tspolitik sowie s\u00e4mtliche Informationen zur Produktqualit\u00e4t stehen allen interessierten Parteien transparent zur Verf\u00fcgung.<\/p>\n<\/div><\/div><\/div><\/div><\/div>\n","protected":false},"excerpt":{"rendered":"","protected":false},"author":1,"featured_media":0,"parent":0,"menu_order":0,"comment_status":"closed","ping_status":"closed","template":"100-width.php","meta":{"footnotes":""},"class_list":["post-503","page","type-page","status-publish","hentry"],"_links":{"self":[{"href":"https:\/\/www.protape.rs\/de\/wp-json\/wp\/v2\/pages\/503","targetHints":{"allow":["GET"]}}],"collection":[{"href":"https:\/\/www.protape.rs\/de\/wp-json\/wp\/v2\/pages"}],"about":[{"href":"https:\/\/www.protape.rs\/de\/wp-json\/wp\/v2\/types\/page"}],"author":[{"embeddable":true,"href":"https:\/\/www.protape.rs\/de\/wp-json\/wp\/v2\/users\/1"}],"replies":[{"embeddable":true,"href":"https:\/\/www.protape.rs\/de\/wp-json\/wp\/v2\/comments?post=503"}],"version-history":[{"count":2,"href":"https:\/\/www.protape.rs\/de\/wp-json\/wp\/v2\/pages\/503\/revisions"}],"predecessor-version":[{"id":508,"href":"https:\/\/www.protape.rs\/de\/wp-json\/wp\/v2\/pages\/503\/revisions\/508"}],"wp:attachment":[{"href":"https:\/\/www.protape.rs\/de\/wp-json\/wp\/v2\/media?parent=503"}],"curies":[{"name":"wp","href":"https:\/\/api.w.org\/{rel}","templated":true}]}}